{"id":678,"date":"2015-08-06T07:39:11","date_gmt":"2015-08-06T07:39:11","guid":{"rendered":"http:\/\/capethemes.com\/demo\/industry\/?page_id=678"},"modified":"2023-07-25T12:43:17","modified_gmt":"2023-07-25T12:43:17","slug":"contact-us","status":"publish","type":"page","link":"https:\/\/imhopalojistik.com\/en\/anasayfa\/contact-us\/","title":{"rendered":"Contact Us"},"content":{"rendered":"<p><iframe loading=\"lazy\" style=\"border: 0;\" src=\"https:\/\/www.google.com\/maps\/embed?pb=!1m18!1m12!1m3!1d1058.1804793148615!2d41.421002927253305!3d41.39610235331759!2m3!1f0!2f0!3f0!3m2!1i1024!2i768!4f13.1!3m3!1m2!1s0x0%3A0x9f1bce2948c425ec!2zNDHCsDIzJzQ1LjgiTiA0McKwMjUnMTguNSJF!5e0!3m2!1str!2str!4v1663493585778!5m2!1str!2str\" width=\"100%\" height=\"600\" allowfullscreen=\"allowfullscreen\"><\/iframe><\/p>\n<h3 class=\"p1\">Merkez Kuledibi Mahallesi 130. Sokak G\u00fcven Plaza No: 3 Kat 5\/20 Hopa &#8211; Artvin<br \/>\n\u0130slam Topalo\u011flu: +90 530 766 77 08<br \/>\nMahir Topalo\u011flu: +90 532 100 25 17<\/h3>\n<h4><a href=\"https:\/\/imhopalojistik.com\">www.imhopalojistik.com<\/a><br \/>\ninfo@imhopalojistik.com<\/h4>\n","protected":false},"excerpt":{"rendered":"<p class=\"teaser\">Merkez Kuledibi Mahallesi 130. Sokak G\u00fcven Plaza No: 3 Kat 5\/20 Hopa &#8211; Artvin \u0130slam Topalo\u011flu: +90 530 766 77 08 Mahir Topalo\u011flu: +90 532 100 25 17 www.imhopalojistik.com info@imhopalojistik.com<\/p>\n","protected":false},"author":4,"featured_media":0,"parent":596,"menu_order":0,"comment_status":"closed","ping_status":"closed","template":"template-fullwidth.php","meta":[],"_links":{"self":[{"href":"https:\/\/imhopalojistik.com\/en\/wp-json\/wp\/v2\/pages\/678"}],"collection":[{"href":"https:\/\/imhopalojistik.com\/en\/wp-json\/wp\/v2\/pages"}],"about":[{"href":"https:\/\/imhopalojistik.com\/en\/wp-json\/wp\/v2\/types\/page"}],"author":[{"embeddable":true,"href":"https:\/\/imhopalojistik.com\/en\/wp-json\/wp\/v2\/users\/4"}],"replies":[{"embeddable":true,"href":"https:\/\/imhopalojistik.com\/en\/wp-json\/wp\/v2\/comments?post=678"}],"version-history":[{"count":25,"href":"https:\/\/imhopalojistik.com\/en\/wp-json\/wp\/v2\/pages\/678\/revisions"}],"predecessor-version":[{"id":1540,"href":"https:\/\/imhopalojistik.com\/en\/wp-json\/wp\/v2\/pages\/678\/revisions\/1540"}],"up":[{"embeddable":true,"href":"https:\/\/imhopalojistik.com\/en\/wp-json\/wp\/v2\/pages\/596"}],"wp:attachment":[{"href":"https:\/\/imhopalojistik.com\/en\/wp-json\/wp\/v2\/media?parent=678"}],"curies":[{"name":"wp","href":"https:\/\/api.w.org\/{rel}","templated":true}]}}