{"id":1340,"date":"2022-03-08T00:27:27","date_gmt":"2022-03-08T00:27:27","guid":{"rendered":"https:\/\/imhopalojistik.com\/?page_id=1340"},"modified":"2022-03-08T00:27:27","modified_gmt":"2022-03-08T00:27:27","slug":"hizmetlerimiz","status":"publish","type":"page","link":"https:\/\/imhopalojistik.com\/ru\/anasayfa\/hizmetlerimiz\/","title":{"rendered":"H\u0130ZMETLER\u0130M\u0130Z"},"content":{"rendered":"<div id=\"ml-template-wrapper-1341\" class=\"ml-template-wrapper ml_row\"><div id=\"ml-block-1341-1\" class=\"ml-block ml-block-ml_mp_services ml_span12 ml-first clearfix\">\t\t\t\r\n\r\n        \r\n        <div class=\"widgetwrap\" style=\"padding:60px 0;\">\r\n        \r\n        <div class=\"block_bg\"  style=\"background-color:#F2F2F2;\"><\/div>\r\n        \r\n        \t<div class=\"container\">\r\n        \r\n\t\t\t<!-- end title section-->\r\n            \r\n                <div class=\"mp-wrap\">\r\n\t<ul class=\"mpbox col3 classic boxed\">\r\n\t            \r\n\t\t\t                  \r\n                <li class=\"mp-services tranz\">\r\n                \r\n                \t<div class=\"mp-inner tranz \">\r\n                        \r\n                                                \r\n\t\t\t\t\t\t\t<h3>  \r\n                            \r\n                                \u0413\u0410\u0411\u0410\u0420\u0418\u0422\u041d\u0410\u042f \u041f\u0415\u0420\u0415\u0412\u041e\u0417\u041a\u0410                            \r\n                            <\/h3>\r\n                            \r\n                            <div class=\"mp-service-media\">\r\n                    \r\n\t\t\t\t\t\t\t\t<img width=\"353\" height=\"197\" src=\"https:\/\/imhopalojistik.com\/ru\/wp-content\/uploads\/2022\/03\/ImhopaGaleri21-353x197.jpg\" class=\"service-thumb wp-post-image\" alt=\"\" loading=\"lazy\" \/>                                \r\n                            <\/div>\r\n                            \r\n                               \r\n                            \r\n                                                       \r\n                        <p>\u042d\u0442\u043e \u043f\u043e\u043b\u0443\u043f\u0440\u0438\u0446\u0435\u043f, \u043a\u043e\u0442\u043e\u0440\u044b\u0439 \u043f\u043e\u0437\u0432\u043e\u043b\u044f\u0435\u0442 \u043f\u0435\u0440\u0435\u0432\u043e\u0437\u0438\u0442\u044c \u0433\u0440\u0443\u0437\u044b, \u043e\u0442\u043b\u0438\u0447\u0430\u044e\u0449\u0438\u0435\u0441\u044f \u043f\u043e \u0434\u043b\u0438\u043d\u0435, \u0432\u044b\u0441\u043e\u0442\u0435, \u0448\u0438\u0440\u0438\u043d\u0435 \u0438 \u0442\u043e\u043d\u043d\u0430\u0436\u0443, \u043a\u043e\u0442\u043e\u0440\u044b\u0435 \u043d\u0435 \u043c\u043e\u0433\u0443\u0442 \u043f\u0435\u0440\u0435\u0432\u043e\u0437\u0438\u0442\u044c \u043e\u0431\u044b\u0447\u043d\u044b\u0435 \u0433\u0440\u0443\u0437\u043e\u0432\u0438\u043a\u0438 \u0438\u043b\u0438 \u0444\u0443\u0440\u044b, \u0442\u0430\u043a\u0438\u0435 \u043a\u0430\u043a \u0442\u044f\u0436\u0435\u043b\u0430\u044f \u0441\u0442\u0440\u043e\u0438\u0442\u0435\u043b\u044c\u043d\u0430\u044f \u0442\u0435\u0445\u043d\u0438\u043a\u0430 \u0438\u043b\u0438 \u0433\u0440\u0443\u0437\u044b \u0441\u043f\u0435\u0446\u0438\u0430\u043b\u044c\u043d\u043e\u0433\u043e \u043f\u0440\u043e\u0435\u043a\u0442\u0430, \u0437\u0430 \u043f\u0440\u0435\u0434\u0435\u043b\u0430\u043c\u0438 \u0441\u0442\u0430\u043d\u0434\u0430\u0440\u0442\u043e\u0432 \u0432 \u0441\u043e\u043e\u0442\u0432\u0435\u0442\u0441\u0442\u0432\u0438\u0438 \u0441 \u043c\u0435\u0436\u0434\u0443\u043d\u0430\u0440\u043e\u0434\u043d\u044b\u043c\u0438 \u0438 \u0432\u043d\u0443\u0442\u0440\u0435\u043d\u043d\u0438\u043c\u0438 \u0434\u043e\u0440\u043e\u0436\u043d\u044b\u043c\u0438<\/p>\n                        \r\n                           \r\n                    \r\n                    <\/div>\r\n                    \r\n                <\/li>\r\n            \r\n\t            \r\n\t\t\t                  \r\n                <li class=\"mp-services tranz\">\r\n                \r\n                \t<div class=\"mp-inner tranz \">\r\n                        \r\n                                                \r\n\t\t\t\t\t\t\t<h3>  \r\n                            \r\n                                \u041f\u041e\u041b\u0423\u041f\u0420\u0418\u0426\u0415\u041f\u042b                            \r\n                            <\/h3>\r\n                            \r\n                            <div class=\"mp-service-media\">\r\n                    \r\n\t\t\t\t\t\t\t\t<img width=\"353\" height=\"197\" src=\"https:\/\/imhopalojistik.com\/ru\/wp-content\/uploads\/2022\/03\/ImhopaGaleri16-353x197.jpg\" class=\"service-thumb wp-post-image\" alt=\"\" loading=\"lazy\" \/>                                \r\n                            <\/div>\r\n                            \r\n                               \r\n                            \r\n                                                       \r\n                        <p>\u0130m Hopa Logistics \u043e\u0442\u043a\u0440\u044b\u043b\u0430 \u043d\u043e\u0432\u044b\u0435 \u0433\u043e\u0440\u0438\u0437\u043e\u043d\u0442\u044b \u0432 \u044d\u0442\u043e\u043c \u0441\u0435\u043a\u0442\u043e\u0440\u0435, \u0440\u0430\u0437\u0440\u0430\u0431\u043e\u0442\u0430\u0432 \u0438 \u0432\u043d\u0435\u0434\u0440\u0438\u0432 \u00ab\u041f\u0435\u0440\u0435\u0432\u043e\u0437\u043a\u0430 \u0441 \u041f\u043e\u043b\u0443\u043f\u0440\u0438\u0446\u0435\u043f\u043e\u043c\u00bb. \u0412 \u0442\u043e \u0432\u0440\u0435\u043c\u044f \u043a\u0430\u043a \u043a\u043e\u043b\u0438\u0447\u0435\u0441\u0442\u0432\u043e \u043f\u0440\u043e\u0434\u0443\u043a\u0442\u0430 \u043c\u043e\u0436\u0435\u0442 \u043f\u0435\u0440\u0435\u0432\u043e\u0437\u0438\u0442\u044c\u0441\u044f \u0433\u0440\u0443\u0437\u043e\u0432\u0438\u043a\u043e\u043c \u0441 \u043f\u0440\u0438\u0446\u0435\u043f\u043e\u043c \u0437\u0430 \u043e\u0434\u0438\u043d \u0440\u0430\u0437, \u0431\u043b\u0430\u0433\u043e\u0434\u0430\u0440\u044f \u0441\u043f\u0435\u0446\u0438\u0430\u043b\u044c\u043d\u043e\u0439 \u043a\u043e\u043d\u0441\u0442\u0440\u0443\u043a\u0446\u0438\u0438 \u0442\u0440\u0430\u043d\u0441\u043f\u043e\u0440\u0442\u043d\u043e\u0433\u043e \u0441\u0440\u0435\u0434\u0441\u0442\u0432\u0430 \u0438 \u043f\u0440\u0438\u0446\u0435\u043f\u0430, \u043a\u043e\u0442\u043e\u0440\u044b\u0439 \u0434\u0432\u0438\u0436\u0435\u0442\u0441\u044f \u0432 \u0437\u0430\u0432\u0438\u0441\u0438\u043c\u043e\u0441\u0442\u0438 \u043e\u0442 \u043d\u0435\u0433\u043e, \u043c\u043e\u0436\u0435\u0442 \u0431\u044b\u0442\u044c \u043e\u0431\u0435\u0441\u043f\u0435\u0447\u0435\u043d\u043e \u0431\u0435\u0441\u043f\u0435\u0440\u0435\u0431\u043e\u0439\u043d\u043e\u0435 \u043e\u0431\u0441\u043b\u0443\u0436\u0438\u0432\u0430\u043d\u0438\u0435 \u0432 \u0440\u0430\u0439\u043e\u043d\u0430\u0445 \u0441 \u0438\u043d\u0442\u0435\u043d\u0441\u0438\u0432\u043d\u044b\u043c \u0434\u0432\u0438\u0436\u0435\u043d\u0438\u0435\u043c \u0438 \u0443\u0437\u043a\u0438\u043c\u0438 \u0443\u043b\u0438\u0446\u0430\u043c\u0438. , \u0438 \u043a\u0443\u0434\u0430 \u0437\u0430\u0442\u0440\u0443\u0434\u043d\u0451\u043d \u0438\u043b\u0438 \u043d\u0435\u0432\u043e\u0437\u043c\u043e\u0436\u0435\u043d \u0432\u044a\u0435\u0437\u0434 \u0433\u0440\u0443\u0437\u043e\u0432\u0438\u043a\u0430 \u0438\u043b\u0438 \u0433\u0440\u0443\u0437\u043e\u0432\u0438\u043a\u0430.<\/p>\n                        \r\n                           \r\n                    \r\n                    <\/div>\r\n                    \r\n                <\/li>\r\n            \r\n\t            \r\n\t\t\t                  \r\n                <li class=\"mp-services tranz\">\r\n                \r\n                \t<div class=\"mp-inner tranz \">\r\n                        \r\n                                                \r\n\t\t\t\t\t\t\t<h3>  \r\n                            \r\n                                \u0411\u041e\u0420\u0422\u041e\u0412\u042b\u0415 \u0422\u0418\u041f\u042b                            \r\n                            <\/h3>\r\n                            \r\n                            <div class=\"mp-service-media\">\r\n                    \r\n\t\t\t\t\t\t\t\t<img width=\"353\" height=\"197\" src=\"https:\/\/imhopalojistik.com\/ru\/wp-content\/uploads\/2022\/03\/ImhopaGaleri20-353x197.jpg\" class=\"service-thumb wp-post-image\" alt=\"\" loading=\"lazy\" \/>                                \r\n                            <\/div>\r\n                            \r\n                               \r\n                            \r\n                                                       \r\n                        <p>\u0411\u043e\u0440\u0442\u043e\u0432\u044b\u0435 \u0442\u0438\u043f\u044b &#8211; \u044d\u0442\u043e \u043f\u0435\u0440\u0435\u0432\u043e\u0437\u043a\u0430 \u0433\u0430\u0431\u0430\u0440\u0438\u0442\u043d\u044b\u0445 \u0433\u0440\u0443\u0437\u043e\u0432, \u043a\u043e\u0442\u043e\u0440\u044b\u0435 \u043d\u0435 \u043c\u043e\u0433\u0443\u0442 \u0431\u044b\u0442\u044c \u043f\u0435\u0440\u0435\u0432\u0435\u0437\u0435\u043d\u044b \u0441\u0442\u0430\u043d\u0434\u0430\u0440\u0442\u043d\u044b\u043c\u0438 \u0441\u043f\u043e\u0441\u043e\u0431\u0430\u043c\u0438 \u043f\u0435\u0440\u0435\u0432\u043e\u0437\u043a\u0438 \u0438 \u0433\u0440\u0443\u0437\u043e\u0432, \u0441\u043f\u0435\u0446\u0438\u0430\u043b\u044c\u043d\u044b\u043c \u0442\u0440\u0430\u043d\u0441\u043f\u043e\u0440\u0442\u043e\u043c \u0438 \u0431\u0440\u0438\u0433\u0430\u0434\u043e\u0439 \u0441\u043f\u0435\u0446\u0438\u0430\u043b\u0438\u0441\u0442\u043e\u0432. \u041c\u044b, \u043a\u0430\u043a \u0130M HOPA LOGISTICS, \u043f\u0440\u0435\u0434\u043e\u0441\u0442\u0430\u0432\u043b\u044f\u0435\u043c \u0432\u0430\u043c, \u043d\u0430\u0448\u0438\u043c \u0443\u0432\u0430\u0436\u0430\u0435\u043c\u044b\u043c \u043a\u043b\u0438\u0435\u043d\u0442\u0430\u043c, \u0431\u0435\u0437\u043e\u043f\u0430\u0441\u043d\u0443\u044e \u0434\u043e\u0441\u0442\u0430\u0432\u043a\u0443 \u0441 \u043f\u043e\u043d\u0438\u043c\u0430\u043d\u0438\u0435\u043c \u043a\u0430\u0447\u0435\u0441\u0442\u0432\u0430 \u0441 \u043d\u0430\u0448\u0435\u0439 \u043e\u043f\u044b\u0442\u043d\u043e\u0439 \u0438 \u043f\u0440\u043e\u0444\u0435\u0441\u0441\u0438\u043e\u043d\u0430\u043b\u044c\u043d\u043e\u0439 \u043a\u043e\u043c\u0430\u043d\u0434\u043e\u0439. \u041f\u0440\u0438 \u043e\u0442\u0441\u0443\u0442\u0441\u0442\u0432\u0438\u0438 \u043e\u043f\u044b\u0442\u0430 \u0432 \u043a\u043b\u0438\u0440\u0435\u043d\u0441\u043d\u043e\u043c \u0441\u043f\u043e\u0441\u043e\u0431\u0435 \u043f\u0435\u0440\u0435\u0432\u043e\u0437\u043a\u0438 \u043f\u0440\u0438\u0445\u043e\u0434\u0438\u0442 \u0438 \u043d\u0435\u0443\u0434\u0430\u0447\u0430.<\/p>\n                        \r\n                           \r\n                    \r\n                    <\/div>\r\n                    \r\n                <\/li>\r\n            \r\n\t            \r\n\t\t\t                  \r\n                <li class=\"mp-services tranz\">\r\n                \r\n                \t<div class=\"mp-inner tranz \">\r\n                        \r\n                                                \r\n\t\t\t\t\t\t\t<h3>  \r\n                            \r\n                                \u0421\u0411\u041e\u0420\u041d\u042b\u0419 \u0413\u0420\u0423\u0417                            \r\n                            <\/h3>\r\n                            \r\n                            <div class=\"mp-service-media\">\r\n                    \r\n\t\t\t\t\t\t\t\t<img width=\"353\" height=\"197\" src=\"https:\/\/imhopalojistik.com\/ru\/wp-content\/uploads\/2022\/03\/ImhopaGaleri15-353x197.jpg\" class=\"service-thumb wp-post-image\" alt=\"\" loading=\"lazy\" \/>                                \r\n                            <\/div>\r\n                            \r\n                               \r\n                            \r\n                                                       \r\n                        <p><strong>\u0421\u0431\u043e\u0440\u043d\u044b\u0439<\/strong> <strong>\u0433\u0440\u0443\u0437<\/strong> &#8211; \u0432 \u0441\u0430\u043c\u043e\u043c \u043e\u0431\u0449\u0435\u043c \u0435\u0435 \u043e\u043f\u0440\u0435\u0434\u0435\u043b\u0435\u043d\u0438\u0438, \u2014 \u044d\u0442\u043e \u043d\u0430\u0437\u0432\u0430\u043d\u0438\u0435, \u0434\u0430\u043d\u043d\u043e\u0435 \u043f\u0440\u043e\u0446\u0435\u0441\u0441\u0443 \u043f\u0435\u0440\u0435\u0432\u043e\u0437\u043a\u0438 \u043f\u0440\u043e\u0434\u0443\u043a\u0446\u0438\u0438 \u0438\u043b\u0438 \u0442\u043e\u0432\u0430\u0440\u043e\u0432, \u0437\u0430\u043a\u0430\u0437\u0430\u043d\u043d\u044b\u0445 \u043e\u0434\u043d\u0438\u043c \u0438\u043b\u0438 \u043d\u0435\u0441\u043a\u043e\u043b\u044c\u043a\u0438\u043c\u0438 \u043f\u043e\u043a\u0443\u043f\u0430\u0442\u0435\u043b\u044f\u043c\u0438 \u0443 \u0440\u0430\u0437\u043d\u044b\u0445 \u043a\u043e\u043c\u043f\u0430\u043d\u0438\u0439, \u0432 \u0432\u0438\u0434\u0435 \u0435\u0434\u0438\u043d\u043e\u0439 \u0438 \u0441\u0431\u043e\u0440\u043d\u043e\u0439 \u0437\u0430\u0433\u0440\u0443\u0437\u043a\u0438. \u0414\u043e\u0441\u0442\u0430\u0432\u043a\u0430 \u0433\u0440\u0443\u0437\u043e\u0432 \u043e\u0431\u044b\u0447\u043d\u043e \u043e\u0441\u0443\u0449\u0435\u0441\u0442\u0432\u043b\u044f\u0435\u0442\u0441\u044f \u043c\u043e\u0440\u0441\u043a\u0438\u043c, \u0432\u043e\u0437\u0434\u0443\u0448\u043d\u044b\u043c, \u0430\u0432\u0442\u043e\u043c\u043e\u0431\u0438\u043b\u044c\u043d\u044b\u043c \u0438 \u0436\u0435\u043b\u0435\u0437\u043d\u043e\u0434\u043e\u0440\u043e\u0436\u043d\u044b\u043c \u0442\u0440\u0430\u043d\u0441\u043f\u043e\u0440\u0442\u043e\u043c.<\/p>\n                        \r\n                           \r\n                    \r\n                    <\/div>\r\n                    \r\n                <\/li>\r\n            \r\n\t            \r\n\t\t\t                  \r\n                <li class=\"mp-services tranz\">\r\n                \r\n                \t<div class=\"mp-inner tranz \">\r\n                        \r\n                                                \r\n\t\t\t\t\t\t\t<h3>  \r\n                            \r\n                                \u0417\u0410\u0413\u0420\u0423\u0417\u041a\u0410 \u0421 \u041f\u041e\u0413\u0420\u0423\u0417\u0427\u0418\u041a\u041e\u041c                            \r\n                            <\/h3>\r\n                            \r\n                            <div class=\"mp-service-media\">\r\n                    \r\n\t\t\t\t\t\t\t\t<img width=\"353\" height=\"197\" src=\"https:\/\/imhopalojistik.com\/ru\/wp-content\/uploads\/2022\/03\/ImhopaGaleri45-353x197.jpg\" class=\"service-thumb wp-post-image\" alt=\"\" loading=\"lazy\" \/>                                \r\n                            <\/div>\r\n                            \r\n                               \r\n                            \r\n                                                       \r\n                        <p>\u0412\u0430\u0448\u0438 \u0433\u0440\u0443\u0437\u044b \u0434\u043e 2 \u0442\u043e\u043d\u043d \u043c\u043e\u0433\u0443\u0442 \u0431\u044b\u0442\u044c \u0437\u0430\u0433\u0440\u0443\u0436\u0435\u043d\u044b \u0441 \u043f\u043e\u043c\u043e\u0449\u044c\u044e \u0442\u0435\u043b\u0435\u0436\u0435\u043a \u0441 \u043f\u043e\u0434\u0434\u043e\u043d\u0430\u043c\u0438, \u0434\u043e\u0441\u0442\u0443\u043f\u043d\u044b\u0445 \u0432 \u043d\u0430\u0448\u0438\u0445 \u0442\u0440\u0430\u043d\u0441\u043f\u043e\u0440\u0442\u043d\u044b\u0445 \u0441\u0440\u0435\u0434\u0441\u0442\u0432\u0430\u0445 \u0441 \u043d\u0430\u0448\u0438\u043c\u0438 \u0433\u0438\u0434\u0440\u0430\u0432\u043b\u0438\u0447\u0435\u0441\u043a\u0438\u043c\u0438 \u043f\u043e\u0433\u0440\u0443\u0437\u0447\u0438\u043a\u0430\u043c\u0438 \u0438 \u043f\u0438\u043a\u0430\u043f\u0430\u043c\u0438, \u0431\u0435\u0437 \u043d\u0435\u043e\u0431\u0445\u043e\u0434\u0438\u043c\u043e\u0441\u0442\u0438 \u0438\u0441\u043f\u043e\u043b\u044c\u0437\u043e\u0432\u0430\u043d\u0438\u044f \u043a\u0440\u0430\u043d\u043e\u0432 \u0438 \u0432\u0438\u043b\u043e\u0447\u043d\u044b\u0445 \u043f\u043e\u0433\u0440\u0443\u0437\u0447\u0438\u043a\u043e\u0432. \u041e\u043d \u0434\u043e\u0441\u0442\u0430\u0432\u043b\u044f\u0435\u0442\u0441\u044f \u0432 \u043f\u0443\u043d\u043a\u0442 \u043d\u0430\u0437\u043d\u0430\u0447\u0435\u043d\u0438\u044f \u0437\u0430\u0441\u0442\u0440\u0430\u0445\u043e\u0432\u0430\u043d\u043d\u044b\u043c.<\/p>\n<p>\u041f\u0440\u0435\u0438\u043c\u0443\u0449\u0435\u0441\u0442\u0432\u0430: \u0412\u044b \u043d\u0435 \u043f\u043b\u0430\u0442\u0438\u0442\u0435 \u0437\u0430 \u043a\u0440\u0430\u043d \u0438 \u0432\u0438\u043b\u043e\u0447\u043d\u044b\u0439 \u043f\u043e\u0433\u0440\u0443\u0437\u0447\u0438\u043a \u0437\u0430 \u043f\u043e\u0433\u0440\u0443\u0437\u043a\u0443. \u041f\u043b\u0430\u0442\u0430 \u0437\u0430 \u0441\u043a\u0430\u0447\u0438\u0432\u0430\u043d\u0438\u0435 Crane and Forklife \u043d\u0435 \u0432\u0437\u0438\u043c\u0430\u0435\u0442\u0441\u044f. \u0412\u044b \u043e\u0442\u043f\u0440\u0430\u0432\u043b\u044f\u0435\u0442\u0435 \u0441\u0432\u043e\u0439 \u0433\u0440\u0443\u0437 \u0442\u043e\u043b\u044c\u043a\u043e \u0441 \u043e\u043f\u043b\u0430\u0442\u043e\u0439 \u0434\u043e\u0441\u0442\u0430\u0432\u043a\u0438.<\/p>\n                        \r\n                           \r\n                    \r\n                    <\/div>\r\n                    \r\n                <\/li>\r\n            \r\n\t            \r\n\t\t\t                  \r\n                <li class=\"mp-services tranz\">\r\n                \r\n                \t<div class=\"mp-inner tranz \">\r\n                        \r\n                                                \r\n\t\t\t\t\t\t\t<h3>  \r\n                            \r\n                                \u041a\u041e\u041d\u0422\u0415\u0419\u041d\u0415\u0420\u041e\u0412\u041e\u0417\u042b                            \r\n                            <\/h3>\r\n                            \r\n                            <div class=\"mp-service-media\">\r\n                    \r\n\t\t\t\t\t\t\t\t<img width=\"353\" height=\"197\" src=\"https:\/\/imhopalojistik.com\/ru\/wp-content\/uploads\/2022\/03\/ImhopaGaleri31-353x197.jpg\" class=\"service-thumb wp-post-image\" alt=\"\" loading=\"lazy\" \/>                                \r\n                            <\/div>\r\n                            \r\n                               \r\n                            \r\n                                                       \r\n                        <p>\u041a\u043e\u043d\u0442\u0435\u0439\u043d\u0435\u0440\u043d\u044b\u0435 \u043f\u0435\u0440\u0435\u0432\u043e\u0437\u043a\u0438 \u043e\u043f\u0438\u0441\u044b\u0432\u0430\u044e\u0442 \u043f\u0435\u0440\u0435\u0432\u043e\u0437\u043a\u0438, \u043e\u0441\u0443\u0449\u0435\u0441\u0442\u0432\u043b\u044f\u0435\u043c\u044b\u0435 \u0440\u0430\u0437\u043b\u0438\u0447\u043d\u044b\u043c\u0438 \u0442\u0438\u043f\u0430\u043c\u0438 \u043a\u043e\u043d\u0442\u0435\u0439\u043d\u0435\u0440\u043e\u0432. \u0422\u0430\u043a \u043a\u0430\u043a \u043a\u043e\u043d\u0442\u0435\u0439\u043d\u0435\u0440\u044b \u0432\u044b\u043f\u0443\u0441\u043a\u0430\u044e\u0442\u0441\u044f \u0441\u0442\u0430\u043d\u0434\u0430\u0440\u0442\u043d\u044b\u0445 \u0440\u0430\u0437\u043c\u0435\u0440\u043e\u0432, \u0438\u0445 \u043c\u043e\u0436\u043d\u043e \u0437\u0430\u0433\u0440\u0443\u0436\u0430\u0442\u044c \u0441\u0430\u043c\u044b\u043c\u0438 \u0440\u0430\u0437\u043d\u044b\u043c\u0438 \u0441\u043f\u043e\u0441\u043e\u0431\u0430\u043c\u0438 \u0438 \u043f\u0435\u0440\u0435\u0433\u0440\u0443\u0436\u0430\u0442\u044c \u043d\u0430 \u0440\u0430\u0437\u043d\u044b\u0435 \u0442\u0440\u0430\u043d\u0441\u043f\u043e\u0440\u0442\u043d\u044b\u0435 \u0441\u0440\u0435\u0434\u0441\u0442\u0432\u0430, \u0447\u0442\u043e \u043e\u0431\u0435\u0441\u043f\u0435\u0447\u0438\u0432\u0430\u0435\u0442 \u044d\u0444\u0444\u0435\u043a\u0442\u0438\u0432\u043d\u0443\u044e \u0442\u0440\u0430\u043d\u0441\u043f\u043e\u0440\u0442\u0438\u0440\u043e\u0432\u043a\u0443.<\/p>\n                        \r\n                           \r\n                    \r\n                    <\/div>\r\n                    \r\n                <\/li>\r\n            \r\n\t    <\/ul>\r\n    <\/div> \r\n    <div class=\"clearfix\"><\/div>\r\n    \t   \r\n            <\/div> \r\n\r\n        <\/div>\r\n                <\/div><\/div>\n","protected":false},"excerpt":{"rendered":"","protected":false},"author":4,"featured_media":0,"parent":596,"menu_order":0,"comment_status":"closed","ping_status":"closed","template":"template-fullwidth.php","meta":[],"_links":{"self":[{"href":"https:\/\/imhopalojistik.com\/ru\/wp-json\/wp\/v2\/pages\/1340"}],"collection":[{"href":"https:\/\/imhopalojistik.com\/ru\/wp-json\/wp\/v2\/pages"}],"about":[{"href":"https:\/\/imhopalojistik.com\/ru\/wp-json\/wp\/v2\/types\/page"}],"author":[{"embeddable":true,"href":"https:\/\/imhopalojistik.com\/ru\/wp-json\/wp\/v2\/users\/4"}],"replies":[{"embeddable":true,"href":"https:\/\/imhopalojistik.com\/ru\/wp-json\/wp\/v2\/comments?post=1340"}],"version-history":[{"count":1,"href":"https:\/\/imhopalojistik.com\/ru\/wp-json\/wp\/v2\/pages\/1340\/revisions"}],"predecessor-version":[{"id":1342,"href":"https:\/\/imhopalojistik.com\/ru\/wp-json\/wp\/v2\/pages\/1340\/revisions\/1342"}],"up":[{"embeddable":true,"href":"https:\/\/imhopalojistik.com\/ru\/wp-json\/wp\/v2\/pages\/596"}],"wp:attachment":[{"href":"https:\/\/imhopalojistik.com\/ru\/wp-json\/wp\/v2\/media?parent=1340"}],"curies":[{"name":"wp","href":"https:\/\/api.w.org\/{rel}","templated":true}]}}